{"id":3,"date":"2023-08-30T13:53:47","date_gmt":"2023-08-30T13:53:47","guid":{"rendered":"https:\/\/chicchetteria.com\/?page_id=3"},"modified":"2023-09-05T14:01:33","modified_gmt":"2023-09-05T14:01:33","slug":"privacy-policy","status":"publish","type":"page","link":"https:\/\/chicchetteria.com\/index.php\/privacy-policy\/","title":{"rendered":"Privacy Policy"},"content":{"rendered":"\n<p><strong>Privacy Policy<\/strong><\/p>\n\n\n\n<p>Informativa al cliente<\/p>\n\n\n\n<p>Gentile Cliente, ai sensi della normativa vigente in materia di protezione dei dati personali (Regolamento UE n. 679 del 2016), desideriamo informarla che i trattamenti dei suoi dati personali sono effettuati con correttezza e trasparenza, per fini leciti e tutelando la sua riservatezza ed i suoi diritti.<\/p>\n\n\n\n<p>I trattamenti sono effettuati anche con l\u2019ausilio di mezzi informatici per le seguenti finalit\u00e0:<\/p>\n\n\n\n<p>1. per acquisire e confermare la sua prenotazione di servizi di alloggio e servizi accessori, e per fornire i servizi richiesti. Trattandosi di trattamenti necessari per la definizione dell\u2019accordo contrattuale e per la sua successiva attuazione, non \u00e8 richiesto il suo consenso, tranne nel caso in cui siano conferiti dati particolari, cosiddetti sensibili. In caso di rifiuto a conferire i dati personali, non potremo confermare la prenotazione o fornirle i servizi richiesti. Il trattamento cesser\u00e0 alla sua partenza, ma alcuni suoi dati personali potranno o dovranno continuare ad essere trattati per le finalit\u00e0 e con le modalit\u00e0 indicate nei punti successivi;<\/p>\n\n\n\n<p>2. per adempiere all\u2019obbligo previsto dal \u201cTesto unico delle leggi di pubblica sicurezza\u201d (articolo 109 R.D. 18.6.1931 n. 773) che ci impone di comunicare alla Questura, per fini di pubblica sicurezza, le generalit\u00e0 dei clienti alloggiati secondo le modalit\u00e0 stabilite dal Ministero dell\u2019Interno (Decreto 7 gennaio 2013). Il conferimento dei dati \u00e8 obbligatorio e non richiede il suo consenso, ed in caso di rifiuto a fornirli non potremo ospitarla nella nostra struttura. I dati acquisiti per tale finalit\u00e0 non vengono da noi conservati, a meno che non ci fornisca il consenso alla conservazione come previsto al punto 4;<\/p>\n\n\n\n<p>3. per adempiere ai vigenti obblighi amministrativi, contabili e fiscali. Per tali finalit\u00e0 il trattamento \u00e8 effettuato senza necessit\u00e0 di acquisire il suo consenso. I dati sono trattati da noi e da nostri incaricati, e vengono comunicati all\u2019esterno solo in adempimento ad obblighi di legge. In caso di rifiuto a conferire i dati necessari per gli adempimenti sopra indicati, non potremo fornirle i servizi richiesti. I dati acquisiti per tali finalit\u00e0 vengono da noi conservati per il tempo previsto dalle rispettive normative (10 anni, e anche oltre in caso di accertamenti fiscali);<\/p>\n\n\n\n<p>4. per accelerare le procedure di registrazione in caso di suoi successivi soggiorni presso la nostra struttura. Per tale finalit\u00e0, previa acquisizione del suo consenso revocabile in qualsiasi momento, i suoi dati saranno conservati per il periodo massimo di 2 anni e saranno utilizzati quando sar\u00e0 nuovamente nostro ospite per le finalit\u00e0 di cui ai punti precedenti;<\/p>\n\n\n\n<p>5. per espletare la funzione di ricevimento di messaggi e telefonate a lei indirizzati durante il suo soggiorno. Per tale finalit\u00e0 \u00e8 necessario il suo consenso. Potr\u00e0 revocare il consenso in qualsiasi momento. Il trattamento cesser\u00e0 comunque alla sua partenza;<\/p>\n\n\n\n<p>6. per inviarle nostri messaggi promozionali e aggiornamenti sulle tariffe e sulle offerte praticate. Per tale finalit\u00e0, previa acquisizione del suo consenso, i suoi dati saranno conservati per il periodo massimo di 1 anno e non saranno comunicati a terzi. Potr\u00e0 revocare il consenso in qualsiasi momento;<\/p>\n\n\n\n<p>7. per fini di protezione delle persone, della propriet\u00e0 e del patrimonio aziendale attraverso un sistema di videosorveglianza di alcune aree della struttura, individuabili per la presenza di appositi cartelli. Per tale trattamento non \u00e8 richiesto il suo consenso, in quanto persegue il nostro legittimo interesse a tutelare le persone ed i beni rispetto a possibili aggressioni, furti, rapine, danneggiamenti, atti di vandalismo e per finalit\u00e0 di prevenzione incendi e di sicurezza del lavoro. Le immagini registrate sono cancellate dopo 24 ore, salvo festivi o altri casi di chiusura dell\u2019esercizio, e comunque non oltre una settimana. Non sono oggetto di comunicazione a terzi, tranne nel caso in cui si debba aderire ad una specifica richiesta investigativa dell\u2019autorit\u00e0 giudiziaria o di polizia giudiziaria.<\/p>\n\n\n\n<p>Desideriamo inoltre informarla che il Regolamento europeo le riconosce alcuni diritti, tra cui il diritto di accesso e di rettifica, o di cancellazione o di limitazione o di opposizione al trattamento, oltre al diritto alla portabilit\u00e0 dei dati, se ed in quanto applicabili (articoli da 15 a 22 del Regolamento UE n. 679 del 2016). Pu\u00f2 inoltre proporre reclamo all\u2019autorit\u00e0 di controllo, secondo le procedure previste dalla normativa vigente.<\/p>\n\n\n\n<p>Per qualsiasi ulteriore informazione, e per far valere i diritti a lei riconosciuti dal Regolamento europeo, potr\u00e0 rivolgersi a:<\/p>\n\n\n\n<p>Titolare del trattamento (nome e cognome o denominazione in caso di ente o societ\u00e0): AcquolinA \u2013 Villa Ines (dati di contatto) 041 52 67 226 email:<a href=\"mailto:info@acquolina.com\">\u00a0info@acquolina.com<\/a><\/p>\n\n\n\n<p><strong>Cookie Policy<\/strong><\/p>\n\n\n\n<p>Utilizziamo i cookie per rendere il nostro sito pi\u00f9 facile ed intuitivo. I dati raccolti grazie ai cookie servono per rendere l\u2019esperienza di navigazione pi\u00f9 piacevole e pi\u00f9 efficiente in futuro.Titolare del trattamento dei dati<\/p>\n\n\n\n<p>AcquolinA \u2013 Villa Ines<br>Via Lazzaro Mocenigo 10 \u2013 30126 Venezia \u2013 Lido \u2013 Tel\/Fax (+39) 041 526 7226 \u2013\u00a0e-mail:\u00a0<a href=\"mailto:info@acquolina.com\"><a href=\"mailto:info@acquolina.com\">info@acquolina.com<\/a><\/a><\/p>\n\n\n\n<p>Cosa sono i cookie?<br>I cookie sono piccoli file di testo inviati dal sito al terminale dell\u2019interessato (solitamente al browser), dove vengono memorizzati per essere poi ritrasmessi al sito alla successiva visita del medesimo utente. Un cookie non pu\u00f2 richiamare nessun altro dato dal disco fisso dell\u2019utente n\u00e9 trasmettere virus informatici o acquisire indirizzi email. Ogni cookie \u00e8 unico per il web browser dell\u2019utente. Alcune delle funzioni dei cookie possono essere demandate ad altre tecnologie. Nel presente documento con il termine \u2018cookie\u2019 si vuol far riferimento sia ai cookie, propriamente detti, sia a tutte le tecnologie similari.Tipologia dei cookie<\/p>\n\n\n\n<p>I cookie possono essere di prima o di terza parte, dove per \u201cprima parte\u201d si intendono i cookie che riportano come dominio il sito, mentre per \u201cterza parte\u201d si intendono i cookie che sono relativi a domini esterni.<\/p>\n\n\n\n<p>I cookie di terza parte sono necessariamente installati da un soggetto esterno, sempre definito come \u201cterza parte\u201d, non gestito dal sito. Tali soggetti possono eventualmente installare anche cookie di prima parte, salvando sul dominio del sito i propri cookie.Natura dei cookie<\/p>\n\n\n\n<p>Relativamente alla natura dei cookie, ne esistono di diversi tipi:Cookie tecnici<\/p>\n\n\n\n<p>I cookie tecnici sono quelli utilizzati al solo fine di \u201ceffettuare la trasmissione di una comunicazione su una rete di comunicazione elettronica, o nella misura strettamente necessaria al fornitore di un servizio della societ\u00e0 dell\u2019informazione esplicitamente richiestodall\u2019abbonato o dall\u2019utente a erogare tale servizio\u201d (cfr. art. 122, comma 1, del Codice).<\/p>\n\n\n\n<p>Essi non vengono utilizzati per scopi ulteriori e sono normalmente installati direttamente dal titolare o gestore del sito web. Possono essere suddivisi in:<\/p>\n\n\n\n<ul class=\"wp-block-list\">\n<li>cookie di navigazione o di sessione, che garantiscono la normale navigazione e fruizione del sito web (permettendo, ad esempio, di realizzare un acquisto o autenticarsi per accedere ad aree riservate); essi sono di fatto necessari per il corretto funzionamento del sito;<\/li>\n\n\n\n<li>cookie analytics, assimilati ai cookie tecnici laddove utilizzati direttamente dal gestore del sito per raccogliere informazioni, in forma aggregata, sul numero degli utenti e su come questi visitano il sito stesso, al fine di migliorare le performance del sito;<\/li>\n\n\n\n<li>cookie di funzionalit\u00e0, che permettono all\u2019utente la navigazione in funzione di una serie di criteri selezionati (ad esempio, la lingua, i prodotti selezionati per l\u2019acquisto) al fine di migliorare il servizio reso allo stesso. Per l\u2019installazione di tali cookie non \u00e8 richiesto il preventivo consenso degli utenti (pi\u00f9 informazioni nel paragrafo Gestione dei cookie in basso).<\/li>\n<\/ul>\n\n\n\n<p>Cookie di profilazione<\/p>\n\n\n\n<p>I cookie di profilazione sono volti a creare profili relativi all\u2019utente e vengono utilizzati al fine di inviare messaggi pubblicitari in linea con le preferenze manifestate dallo stesso nell\u2019ambito della navigazione in rete.<br>Per l\u2019utilizzo dei cookie di profilazione \u00e8 richiesto il consenso dell\u2019interessato. Secondo il provvedimento (pi\u00f9 informazioni nel paragrafo Gestione dei cookie in basso) l\u2019utente pu\u00f2 autorizzare o negare il consenso all\u2019installazione dei cookie attraverso le opzioni fornite nella sezione \u201cGestione dei cookie\u201d.<\/p>\n\n\n\n<p>In caso di cookie di terze parti, il sito non ha un controllo diretto dei singoli cookie e non pu\u00f2 controllarli (non pu\u00f2 n\u00e9 installarli direttamente n\u00e9 cancellarli). Puoi comunque gestire questi cookie attraverso le impostazioni del browser (segui le istruzioni riportate pi\u00f9 avanti), o i siti indicati nella sezione \u201cGestione dei cookie\u201d.<\/p>\n\n\n\n<p>L\u2019Utente \u00e8 pertanto invitato a verificare sul sito della terza parte indicato nella tabella riportata di seguito.Cookie installati su questo sito<\/p>\n\n\n\n<p>Ecco l\u2019elenco dei cookie (raggruppati logicamente a livello di funzionalit\u00e0 o fornitore) che potrebbe installare sito.Elenco dei cookie presenti sul sitoCookie di sistema di WordPress<\/p>\n\n\n\n<p>Il sito hotelamerican.it utilizza cookie per garantire all\u2019utente una migliore esperienza di navigazione; tali cookie sono indispensabili per la fruizione corretta del sito. Puoi disabilitare questi cookie dal browser seguendo le indicazioni nel paragrafo dedicato, ma comprometterai la tua esperienza sul sito e non potremo rispondere dei malfunzionamenti.Facebook<\/p>\n\n\n\n<p>Il pulsante \u201cMi Piace\u201d e i widget sociali di Facebook sono servizi di interazione con il social network Facebook, forniti da Facebook, Inc.<br>Dati Personali raccolti: Cookie e Dati di Utilizzo.<br>Luogo del trattamento: USAGoogle reCAPTCHA (Google Inc.)<\/p>\n\n\n\n<p>Google reCAPTCHA \u00e8 un servizio di protezione dallo SPAM fornito da Google Inc. Dati Personali raccolti: Cookie e Dati di Utilizzo.<br>Luogo del trattamento: USAGoogle Analytics (Google Inc.)<\/p>\n\n\n\n<p>Google Analytics \u00e8 un servizio di analisi web fornito da Google Inc. (\u201cGoogle\u201d). Google utilizza i Dati Personali raccolti allo scopo di tracciare ed esaminare l\u2019utilizzo di questa Applicazione, compilare report e condividerli con gli altri servizi sviluppati da Google. Google potrebbe utilizzare i Dati Personali per contestualizzare e personalizzare gli annunci del proprio network pubblicitario.<br>Dati Personali raccolti: Cookie e Dati di Utilizzo.<br>Luogo del trattamento: USATripAdvisor widget (TripAdvisor LLC)<\/p>\n\n\n\n<p>Widget TripAdvisor \u00e8 un servizio di visualizzazione di contenuti gestito da TripAdvisor LLC che permette a questa Applicazione di integrare contenuti da questa piattaforma esterna all\u2019interno delle proprie pagine. Dati Personali raccolti: Cookie e Dati di Utilizzo.<br>Luogo del trattamento: USAWidget Google Maps (Google Inc.)<\/p>\n\n\n\n<p>Google Maps \u00e8 un servizio di visualizzazione di mappe gestito da Google Inc. che permette a questa Applicazione di integrare tali contenuti all\u2019interno delle proprie pagine.<br>Dati Personali raccolti: Cookie e Dati di Utilizzo.<br>Luogo del trattamento: USAWidget Video YouTube (Google Inc.)<\/p>\n\n\n\n<p>YouTube \u00e8 un servizio di visualizzazione di contenuti video gestito da Google Inc. che permette a questa Applicazione di integrare tali contenuti all\u2019interno delle proprie pagine.<br>Dati Personali raccolti: Cookie e Dati di Utilizzo.<br>Luogo del trattamento: USADurata dei cookie<\/p>\n\n\n\n<p>I cookie hanno una durata dettata dalla data di scadenza (o da un\u2019azione specifica come la chiusura del browser) impostata al momento dell\u2019installazione.<br>I cookie possono essere:<\/p>\n\n\n\n<ul class=\"wp-block-list\">\n<li>temporanei o di sessione (session cookie): sono utilizzati per archiviare informazioni temporanee, consentono di collegare le azioni eseguite durante una sessione specifica e vengono rimossi dal computer alla chiusura del browser;<\/li>\n\n\n\n<li>permanenti (persistent cookie): sono utilizzati per archiviare informazioni, ad esempio il nome e la password di accesso, in modo da evitare che l\u2019utente debba digitarli nuovamente ogni volta che visita un sito specifico. Questi rimangono memorizzati nel computer anche dopo aver chiuso il browser.<\/li>\n<\/ul>\n\n\n\n<p>Gestione dei cookie<\/p>\n\n\n\n<p>L\u2019Utente ha la facolt\u00e0 in qualsiasi momento di esercitare i diritti riconosciuti dall\u2019art. 7 del D.Lgs. 196\/2003 ed, in particolare, tra gli altri, di ottenere copia dei dati trattati, il loro aggiornamento, la loro origine, la finalit\u00e0 e la modalit\u00e0 del trattamento, la loro rettifica o integrazione, la loro cancellazione, la trasformazione in forma anonima o il blocco per i trattamenti in violazione di legge e di opporsi per motivi legittimi al trattamento.<br>Per esercitare tali diritti, scrivere una mail a hotelamerican@pec.it all\u2019attenzione del Responsabile del trattamento dei dati.Per cancellare i cookie bisogna procedere attraverso il browser, come indicato sotto.<\/p>\n\n\n\n<p>Se vuoi saperne di pi\u00f9, puoi consultare i seguenti siti:<\/p>\n\n\n\n<ul class=\"wp-block-list\">\n<li><a href=\"https:\/\/www.youronlinechoices.com\/\" target=\"_blank\" rel=\"noreferrer noopener\">www.youronlinechoices.com<\/a><\/li>\n\n\n\n<li><a href=\"https:\/\/www.allaboutcookies.org\/\" target=\"_blank\" rel=\"noreferrer noopener\">www.allaboutcookies.org<\/a><\/li>\n\n\n\n<li><a href=\"https:\/\/www.cookiechoices.org\/\" target=\"_blank\" rel=\"noreferrer noopener\">www.cookiechoices.org<\/a><\/li>\n\n\n\n<li><a href=\"https:\/\/www.garanteprivacy.it\/web\/guest\/home\/docweb\/-\/docweb-%20display\/docweb\/3118884\" target=\"_blank\" rel=\"noreferrer noopener\">www.garanteprivacy.it\/web\/guest\/home\/docweb\/-\/docweb- display\/docweb\/3118884<\/a><\/li>\n<\/ul>\n\n\n\n<p>Links ai siti ufficiali di supporto tecnico dei browser pi\u00f9 diffusi<\/p>\n\n\n\n<ul class=\"wp-block-list\">\n<li><a href=\"https:\/\/support.google.com\/chrome\/answer\/95647?hl=it\" target=\"_blank\" rel=\"noreferrer noopener\">Google Chrome<\/a><\/li>\n\n\n\n<li><a href=\"https:\/\/windows.microsoft.com\/it-it\/windows7\/block-enable-or-allow-cookies\" target=\"_blank\" rel=\"noreferrer noopener\">Microsoft Explorer<\/a><\/li>\n\n\n\n<li><a href=\"https:\/\/support.mozilla.org\/it\/kb\/Attivare%20e%20disattivare%20i%20cookie\" target=\"_blank\" rel=\"noreferrer noopener\">Mozilla Firefox<\/a><\/li>\n\n\n\n<li><a href=\"https:\/\/support.apple.com\/it-it\/HT201265\" target=\"_blank\" rel=\"noreferrer noopener\">Apple Safari<\/a><\/li>\n<\/ul>\n","protected":false},"excerpt":{"rendered":"<p>Privacy Policy Informativa al cliente Gentile Cliente, ai sensi della normativa vigente in materia di protezione dei dati personali (Regolamento UE n. 679 del 2016), desideriamo informarla che i trattamenti dei suoi dati personali sono effettuati con correttezza e trasparenza, per fini leciti e tutelando la sua riservatezza ed i suoi diritti. I trattamenti sono [&#8230;]\n","protected":false},"author":1,"featured_media":0,"parent":0,"menu_order":0,"comment_status":"closed","ping_status":"open","template":"","meta":{"footnotes":""},"class_list":["post-3","page","type-page","status-publish","hentry"],"_links":{"self":[{"href":"https:\/\/chicchetteria.com\/index.php\/wp-json\/wp\/v2\/pages\/3"}],"collection":[{"href":"https:\/\/chicchetteria.com\/index.php\/wp-json\/wp\/v2\/pages"}],"about":[{"href":"https:\/\/chicchetteria.com\/index.php\/wp-json\/wp\/v2\/types\/page"}],"author":[{"embeddable":true,"href":"https:\/\/chicchetteria.com\/index.php\/wp-json\/wp\/v2\/users\/1"}],"replies":[{"embeddable":true,"href":"https:\/\/chicchetteria.com\/index.php\/wp-json\/wp\/v2\/comments?post=3"}],"version-history":[{"count":1,"href":"https:\/\/chicchetteria.com\/index.php\/wp-json\/wp\/v2\/pages\/3\/revisions"}],"predecessor-version":[{"id":87,"href":"https:\/\/chicchetteria.com\/index.php\/wp-json\/wp\/v2\/pages\/3\/revisions\/87"}],"wp:attachment":[{"href":"https:\/\/chicchetteria.com\/index.php\/wp-json\/wp\/v2\/media?parent=3"}],"curies":[{"name":"wp","href":"https:\/\/api.w.org\/{rel}","templated":true}]}}